{"id":725,"date":"2025-11-29T01:46:50","date_gmt":"2025-11-29T01:46:50","guid":{"rendered":"https:\/\/demo.7iquid.com\/lighter\/?page_id=725"},"modified":"2026-03-11T09:57:31","modified_gmt":"2026-03-11T09:57:31","slug":"qiymetler","status":"publish","type":"page","link":"https:\/\/khalilsoy.com\/en\/qiymetler\/","title":{"rendered":"Pricing"},"content":{"rendered":"\t\t<div data-elementor-type=\"wp-page\" data-elementor-id=\"725\" class=\"elementor elementor-725\">\n\t\t\t\t<div class=\"elementor-element elementor-element-3289bbfc e-flex e-con-boxed e-con e-parent\" data-id=\"3289bbfc\" data-element_type=\"container\" data-e-type=\"container\">\n\t\t\t\t\t\t\t<div class=\"e-con-inner\">\n\t\t<div class=\"elementor-element elementor-element-9f4cfe0 e-con-full e-flex e-con e-child\" data-id=\"9f4cfe0\" data-element_type=\"container\" data-e-type=\"container\" data-settings=\"{&quot;background_background&quot;:&quot;classic&quot;}\">\n\t\t\t\t<div class=\"elementor-element elementor-element-449b451 e-con-full e-flex e-con e-child\" data-id=\"449b451\" data-element_type=\"container\" data-e-type=\"container\">\n\t\t\t\t\t\t<div class=\"elementor-element elementor-element-51ee27f elementor-widget elementor-widget-lighter_sub_title\" data-id=\"51ee27f\" data-element_type=\"widget\" data-e-type=\"widget\" data-widget_type=\"lighter_sub_title.default\">\n\t\t\t\t<div class=\"elementor-widget-container\">\n\t\t\t\t\t<div class=\"lighter-sub-title-el\">\r\n    <div class=\"sub-title-wrap\">\r\n        <div class=\"sub-title-background\"><\/div>\r\n        <span class=\"sub-title-dot\"><\/span>\r\n            <span class=\"sub-title-text\">SEO Prices<\/span>\r\n    <\/div>\r\n<\/div>\r\n\t\t\t\t<\/div>\n\t\t\t\t<\/div>\n\t\t\t\t<div class=\"elementor-element elementor-element-7f40833 elementor-widget__width-initial elementor-widget elementor-widget-lighter_title\" data-id=\"7f40833\" data-element_type=\"widget\" data-e-type=\"widget\" data-widget_type=\"lighter_title.default\">\n\t\t\t\t<div class=\"elementor-widget-container\">\n\t\t\t\t\t<div class=\"lighter-title-el\" data-split=\"lines\" data-animate=\"in-up\" data-delay=\"0.2\" data-animateDuration=\"0.5\" data-stagger=\"0.2\" data-ease=\"power3.out\">\r\n    <h2 class=\"title-text\">SEO \r\n            <span class=\"lighter-image-highlight elementor-repeater-item-fe88f1b\">\r\n                <img decoding=\"async\" src=\"https:\/\/khalilsoy.com\/wp-content\/uploads\/2025\/12\/titleFeaturedImage.png\" class=\"attachment-full\" alt=\"\" \/>            <\/span>\r\n\r\n         packages suitable for your business<\/h2><\/div>\t\t\t\t<\/div>\n\t\t\t\t<\/div>\n\t\t\t\t<\/div>\n\t\t<div class=\"elementor-element elementor-element-defacda e-grid e-con-full e-con e-child\" data-id=\"defacda\" data-element_type=\"container\" data-e-type=\"container\">\n\t\t\t\t\t\t<div class=\"elementor-element elementor-element-4e764c7 elementor-widget elementor-widget-lighter_price_table\" data-id=\"4e764c7\" data-element_type=\"widget\" data-e-type=\"widget\" data-widget_type=\"lighter_price_table.default\">\n\t\t\t\t<div class=\"elementor-widget-container\">\n\t\t\t\t\t<div class=\"lighter-price-table-el layout-2\"> \n        <div class=\"content-wrap\">\n        <div class=\"title-wrap\">\n            <div class=\"title-background\"><\/div>\n            <div class=\"title\">Google Hunter<\/div>\n            <div class=\"price\">1 \u20bc<span style=\"font-size: 14px;color: #71717A\">\/Monthly<\/span><\/div>\n        <\/div>\n        <div class=\"decription-wrap\">\n            <div class=\"description\">Starter SEO service for small business and corporate websites.<\/div>\n            <div class=\"detail-list\">\n                <div class=\"details-list-label\"><\/div>\n                                    <div class=\"list-item\">Technical SEO audit of the website<\/div>\n                                    <div class=\"list-item\">Competitor analysis<\/div>\n                                    <div class=\"list-item\">Technical SEO tasks<\/div>\n                                    <div class=\"list-item\">Fixing crawl errors<\/div>\n                                    <div class=\"list-item\">Fixing broken links<\/div>\n                                    <div class=\"list-item\">Page speed optimization<\/div>\n                                    <div class=\"list-item\">Mobile compatibility check<\/div>\n                                    <div class=\"list-item\">Keyword research (limited)<\/div>\n                                    <div class=\"list-item\">Heading structure<\/div>\n                                    <div class=\"list-item\">Content optimization<\/div>\n                                    <div class=\"list-item\">Increasing domain authority<\/div>\n                                    <div class=\"list-item\">3, 6 month SEO report<\/div>\n                            <\/div>\n        <\/div>\n    <\/div>\n    <a href=\"https:\/\/wa.me\/994705995510?text=Konsultasiya%20almaq%20ist\u0259yir\u0259m\" class=\"lighter-button default\" target=\"_blank\" rel=\"noopener\">Get a free consultation<\/a><\/div>\t\t\t\t<\/div>\n\t\t\t\t<\/div>\n\t\t\t\t<div class=\"elementor-element elementor-element-56ae59f elementor-widget elementor-widget-lighter_price_table\" data-id=\"56ae59f\" data-element_type=\"widget\" data-e-type=\"widget\" data-widget_type=\"lighter_price_table.default\">\n\t\t\t\t<div class=\"elementor-widget-container\">\n\t\t\t\t\t<div class=\"lighter-price-table-el layout-2\"> \n        <div class=\"content-wrap\">\n        <div class=\"title-wrap\">\n            <div class=\"title-background\"><\/div>\n            <div class=\"title\">Traffic Boost<\/div>\n            <div class=\"price\">1 \u20bc<span style=\"font-size: 14px;color: #71717A\">\/Monthly<\/span><\/div>\n        <\/div>\n        <div class=\"decription-wrap\">\n            <div class=\"description\">SEO service focused on increasing traffic and sales for e-commerce, news, and listing websites<\/div>\n            <div class=\"detail-list\">\n                <div class=\"details-list-label\"><\/div>\n                                    <div class=\"list-item\">Technical SEO audit of the website<\/div>\n                                    <div class=\"list-item\">Competitor analysis<\/div>\n                                    <div class=\"list-item\">Technical SEO fixes<\/div>\n                                    <div class=\"list-item\">Fixing crawl errors<\/div>\n                                    <div class=\"list-item\">Fixing broken links<\/div>\n                                    <div class=\"list-item\">Page speed optimization<\/div>\n                                    <div class=\"list-item\">Mobile compatibility check<\/div>\n                                    <div class=\"list-item\">Keyword research (50\u201360)<\/div>\n                                    <div class=\"list-item\">Heading structure<\/div>\n                                    <div class=\"list-item\">Content creation<\/div>\n                                    <div class=\"list-item\">Increasing domain authority<\/div>\n                                    <div class=\"list-item\">Monthly SEO report<\/div>\n                            <\/div>\n        <\/div>\n    <\/div>\n    <a href=\"https:\/\/wa.me\/994705995510?text=Konsultasiya%20almaq%20ist\u0259yir\u0259m\" class=\"lighter-button default\" target=\"_blank\" rel=\"noopener\">Get a free consultation<\/a><\/div>\t\t\t\t<\/div>\n\t\t\t\t<\/div>\n\t\t\t\t<div class=\"elementor-element elementor-element-ca8c66c elementor-widget elementor-widget-lighter_price_table\" data-id=\"ca8c66c\" data-element_type=\"widget\" data-e-type=\"widget\" data-widget_type=\"lighter_price_table.default\">\n\t\t\t\t<div class=\"elementor-widget-container\">\n\t\t\t\t\t<div class=\"lighter-price-table-el layout-2\"> \n        <div class=\"content-wrap\">\n        <div class=\"title-wrap\">\n            <div class=\"title-background\"><\/div>\n            <div class=\"title\">Search Empire<\/div>\n            <div class=\"price\">1 \u20bc<span style=\"font-size: 14px;color: #71717A\">\/Monthly<\/span><\/div>\n        <\/div>\n        <div class=\"decription-wrap\">\n            <div class=\"description\">Premium SEO service for projects and startups aiming to enter the global market<\/div>\n            <div class=\"detail-list\">\n                <div class=\"details-list-label\"><\/div>\n                                    <div class=\"list-item\">Full SEO audit and strategy development<\/div>\n                                    <div class=\"list-item\">Competitor analysis<\/div>\n                                    <div class=\"list-item\">Technical SEO fixes<\/div>\n                                    <div class=\"list-item\">Fixing crawl errors<\/div>\n                                    <div class=\"list-item\">Fixing broken links<\/div>\n                                    <div class=\"list-item\">Page speed optimization<\/div>\n                                    <div class=\"list-item\">Mobile compatibility check<\/div>\n                                    <div class=\"list-item\">Keyword research (maximum)<\/div>\n                                    <div class=\"list-item\">Heading structure<\/div>\n                                    <div class=\"list-item\">Content creation<\/div>\n                                    <div class=\"list-item\">Increasing domain authority<\/div>\n                                    <div class=\"list-item\">Monthly SEO report<\/div>\n                                    <div class=\"list-item\">Technical support for the website<\/div>\n                            <\/div>\n        <\/div>\n    <\/div>\n    <a href=\"https:\/\/wa.me\/994705995510?text=Konsultasiya%20almaq%20ist\u0259yir\u0259m\" class=\"lighter-button default\" target=\"_blank\" rel=\"noopener\">Get a free consultation<\/a><\/div>\t\t\t\t<\/div>\n\t\t\t\t<\/div>\n\t\t\t\t<div class=\"elementor-element elementor-element-71ad5cf elementor-widget elementor-widget-lighter_price_table\" data-id=\"71ad5cf\" data-element_type=\"widget\" data-e-type=\"widget\" data-widget_type=\"lighter_price_table.default\">\n\t\t\t\t<div class=\"elementor-widget-container\">\n\t\t\t\t\t<div class=\"lighter-price-table-el layout-2\"> \n        <div class=\"content-wrap\">\n        <div class=\"title-wrap\">\n            <div class=\"title-background\"><\/div>\n            <div class=\"title\">Growth Partner<\/div>\n            <div class=\"price\">Free<span style=\"font-size: 14px;color: #71717A\"><\/span><\/div>\n        <\/div>\n        <div class=\"decription-wrap\">\n            <div class=\"description\">SEO services are provided on a partnership basis for interesting and high-potential projects. Instead of payment, a revenue share (percentage) model from the project is applied.<\/div>\n            <div class=\"detail-list\">\n                <div class=\"details-list-label\"><\/div>\n                            <\/div>\n        <\/div>\n    <\/div>\n    <a href=\"https:\/\/https:\/\/wa.me\/994705995510?text=Konsultasiya%20almaq%20ist\u0259yir\u0259m\" class=\"lighter-button default\">Pulsuz konsultasiya al<\/a><\/div>\t\t\t\t<\/div>\n\t\t\t\t<\/div>\n\t\t\t\t<\/div>\n\t\t\t\t<\/div>\n\t\t\t\t<div class=\"elementor-element elementor-element-1c42beb4 elementor-widget elementor-widget-lighter_divider\" data-id=\"1c42beb4\" data-element_type=\"widget\" data-e-type=\"widget\" data-widget_type=\"lighter_divider.default\">\n\t\t\t\t<div class=\"elementor-widget-container\">\n\t\t\t\t\t<div class=\"lighter-divider-el \">\r\n    <span class=\"lighter-divider-separator\"><\/span>\r\n<\/div>\t\t\t\t<\/div>\n\t\t\t\t<\/div>\n\t\t<div class=\"elementor-element elementor-element-4e4e7e6b e-con-full e-flex e-con e-child\" data-id=\"4e4e7e6b\" data-element_type=\"container\" data-e-type=\"container\" data-settings=\"{&quot;background_background&quot;:&quot;classic&quot;}\">\n\t\t\t\t\t\t<div class=\"elementor-element elementor-element-54158f8 elementor-widget__width-initial elementor-absolute elementor-widget elementor-widget-spacer\" data-id=\"54158f8\" data-element_type=\"widget\" data-e-type=\"widget\" data-settings=\"{&quot;_position&quot;:&quot;absolute&quot;}\" data-widget_type=\"spacer.default\">\n\t\t\t\t\t\t\t<div class=\"elementor-spacer\">\n\t\t\t<div class=\"elementor-spacer-inner\"><\/div>\n\t\t<\/div>\n\t\t\t\t\t\t<\/div>\n\t\t\t\t<div class=\"elementor-element elementor-element-58e879ef elementor-widget__width-initial elementor-absolute elementor-widget elementor-widget-spacer\" data-id=\"58e879ef\" data-element_type=\"widget\" data-e-type=\"widget\" data-settings=\"{&quot;_position&quot;:&quot;absolute&quot;}\" data-widget_type=\"spacer.default\">\n\t\t\t\t\t\t\t<div class=\"elementor-spacer\">\n\t\t\t<div class=\"elementor-spacer-inner\"><\/div>\n\t\t<\/div>\n\t\t\t\t\t\t<\/div>\n\t\t\t\t<div class=\"elementor-element elementor-element-3fc952bd elementor-widget__width-initial elementor-absolute elementor-widget elementor-widget-spacer\" data-id=\"3fc952bd\" data-element_type=\"widget\" data-e-type=\"widget\" data-settings=\"{&quot;_position&quot;:&quot;absolute&quot;}\" data-widget_type=\"spacer.default\">\n\t\t\t\t\t\t\t<div class=\"elementor-spacer\">\n\t\t\t<div class=\"elementor-spacer-inner\"><\/div>\n\t\t<\/div>\n\t\t\t\t\t\t<\/div>\n\t\t\t\t<div class=\"elementor-element elementor-element-6343cb58 elementor-widget__width-initial elementor-absolute elementor-widget elementor-widget-spacer\" data-id=\"6343cb58\" data-element_type=\"widget\" data-e-type=\"widget\" data-settings=\"{&quot;_position&quot;:&quot;absolute&quot;}\" data-widget_type=\"spacer.default\">\n\t\t\t\t\t\t\t<div class=\"elementor-spacer\">\n\t\t\t<div class=\"elementor-spacer-inner\"><\/div>\n\t\t<\/div>\n\t\t\t\t\t\t<\/div>\n\t\t\t\t<\/div>\n\t\t\t\t<div class=\"elementor-element elementor-element-3a88fd8c elementor-widget elementor-widget-lighter_divider\" data-id=\"3a88fd8c\" data-element_type=\"widget\" data-e-type=\"widget\" data-widget_type=\"lighter_divider.default\">\n\t\t\t\t<div class=\"elementor-widget-container\">\n\t\t\t\t\t<div class=\"lighter-divider-el \">\r\n    <span class=\"lighter-divider-separator\"><\/span>\r\n<\/div>\t\t\t\t<\/div>\n\t\t\t\t<\/div>\n\t\t\t\t\t<\/div>\n\t\t\t\t<\/div>\n\t\t\t\t<\/div>\n\t\t","protected":false},"excerpt":{"rendered":"<p>SEO qiym\u0259tl\u0259ri Biznesiniz \u00fc\u00e7\u00fcn uy\u011fun SEO paketl\u0259ri Google Hunter 1 \u20bc\/Ayl\u0131q Ki\u00e7ik biznes v\u0259 korporativ saytlar \u00fc\u00e7\u00fcn ba\u015flan\u011f\u0131c SEO xidm\u0259ti. Sayt\u0131n texniki SEO auditi R\u0259qib analizi Texniki SEO \u00fc\u00e7\u00fcn tap\u015f\u0131r\u0131qlar Crawl errorlar\u0131n d\u00fcz\u0259ldilm\u0259si Broken linkl\u0259rin d\u00fcz\u0259ldilm\u0259si Page speed optimizasiyas\u0131 Mobil uy\u011funlu\u011fun yoxlan\u0131lmas\u0131 A\u00e7ar s\u00f6z ara\u015fd\u0131rmas\u0131 (limitli) Heading strukturu Kontent optimizasiyas\u0131 Domain authority art\u0131r\u0131lmas\u0131 3, 6 [&hellip;]<\/p>\n","protected":false},"author":1,"featured_media":0,"parent":0,"menu_order":0,"comment_status":"closed","ping_status":"closed","template":"","meta":{"footnotes":""},"class_list":["post-725","page","type-page","status-publish","hentry"],"_links":{"self":[{"href":"https:\/\/khalilsoy.com\/en\/wp-json\/wp\/v2\/pages\/725","targetHints":{"allow":["GET"]}}],"collection":[{"href":"https:\/\/khalilsoy.com\/en\/wp-json\/wp\/v2\/pages"}],"about":[{"href":"https:\/\/khalilsoy.com\/en\/wp-json\/wp\/v2\/types\/page"}],"author":[{"embeddable":true,"href":"https:\/\/khalilsoy.com\/en\/wp-json\/wp\/v2\/users\/1"}],"replies":[{"embeddable":true,"href":"https:\/\/khalilsoy.com\/en\/wp-json\/wp\/v2\/comments?post=725"}],"version-history":[{"count":17,"href":"https:\/\/khalilsoy.com\/en\/wp-json\/wp\/v2\/pages\/725\/revisions"}],"predecessor-version":[{"id":5815,"href":"https:\/\/khalilsoy.com\/en\/wp-json\/wp\/v2\/pages\/725\/revisions\/5815"}],"wp:attachment":[{"href":"https:\/\/khalilsoy.com\/en\/wp-json\/wp\/v2\/media?parent=725"}],"curies":[{"name":"wp","href":"https:\/\/api.w.org\/{rel}","templated":true}]}}