{"id":725,"date":"2025-11-29T01:46:50","date_gmt":"2025-11-29T01:46:50","guid":{"rendered":"https:\/\/demo.7iquid.com\/lighter\/?page_id=725"},"modified":"2026-03-11T09:57:31","modified_gmt":"2026-03-11T09:57:31","slug":"qiymetler","status":"publish","type":"page","link":"https:\/\/khalilsoy.com\/ru\/qiymetler\/","title":{"rendered":"\u0426\u0435\u043d\u044b"},"content":{"rendered":"\t\t<div data-elementor-type=\"wp-page\" data-elementor-id=\"725\" class=\"elementor elementor-725\">\n\t\t\t\t<div class=\"elementor-element elementor-element-3289bbfc e-flex e-con-boxed e-con e-parent\" data-id=\"3289bbfc\" data-element_type=\"container\" data-e-type=\"container\">\n\t\t\t\t\t\t\t<div class=\"e-con-inner\">\n\t\t<div class=\"elementor-element elementor-element-9f4cfe0 e-con-full e-flex e-con e-child\" data-id=\"9f4cfe0\" data-element_type=\"container\" data-e-type=\"container\" data-settings=\"{&quot;background_background&quot;:&quot;classic&quot;}\">\n\t\t\t\t<div class=\"elementor-element elementor-element-449b451 e-con-full e-flex e-con e-child\" data-id=\"449b451\" data-element_type=\"container\" data-e-type=\"container\">\n\t\t\t\t\t\t<div class=\"elementor-element elementor-element-51ee27f elementor-widget elementor-widget-lighter_sub_title\" data-id=\"51ee27f\" data-element_type=\"widget\" data-e-type=\"widget\" data-widget_type=\"lighter_sub_title.default\">\n\t\t\t\t<div class=\"elementor-widget-container\">\n\t\t\t\t\t<div class=\"lighter-sub-title-el\">\r\n    <div class=\"sub-title-wrap\">\r\n        <div class=\"sub-title-background\"><\/div>\r\n        <span class=\"sub-title-dot\"><\/span>\r\n            <span class=\"sub-title-text\">\u0426\u0435\u043d\u044b \u043d\u0430 SEO<\/span>\r\n    <\/div>\r\n<\/div>\r\n\t\t\t\t<\/div>\n\t\t\t\t<\/div>\n\t\t\t\t<div class=\"elementor-element elementor-element-7f40833 elementor-widget__width-initial elementor-widget elementor-widget-lighter_title\" data-id=\"7f40833\" data-element_type=\"widget\" data-e-type=\"widget\" data-widget_type=\"lighter_title.default\">\n\t\t\t\t<div class=\"elementor-widget-container\">\n\t\t\t\t\t<div class=\"lighter-title-el\" data-split=\"lines\" data-animate=\"in-up\" data-delay=\"0.2\" data-animateDuration=\"0.5\" data-stagger=\"0.2\" data-ease=\"power3.out\">\r\n    <h2 class=\"title-text\">SEO \r\n            <span class=\"lighter-image-highlight elementor-repeater-item-fe88f1b\">\r\n                <img decoding=\"async\" src=\"https:\/\/khalilsoy.com\/wp-content\/uploads\/2025\/12\/titleFeaturedImage.png\" class=\"attachment-full\" alt=\"\" \/>            <\/span>\r\n\r\n         \u043f\u0430\u043a\u0435\u0442\u044b \u0434\u043b\u044f \u0432\u0430\u0448\u0435\u0433\u043e \u0431\u0438\u0437\u043d\u0435\u0441\u0430<\/h2><\/div>\t\t\t\t<\/div>\n\t\t\t\t<\/div>\n\t\t\t\t<\/div>\n\t\t<div class=\"elementor-element elementor-element-defacda e-grid e-con-full e-con e-child\" data-id=\"defacda\" data-element_type=\"container\" data-e-type=\"container\">\n\t\t\t\t\t\t<div class=\"elementor-element elementor-element-4e764c7 elementor-widget elementor-widget-lighter_price_table\" data-id=\"4e764c7\" data-element_type=\"widget\" data-e-type=\"widget\" data-widget_type=\"lighter_price_table.default\">\n\t\t\t\t<div class=\"elementor-widget-container\">\n\t\t\t\t\t<div class=\"lighter-price-table-el layout-2\"> \n        <div class=\"content-wrap\">\n        <div class=\"title-wrap\">\n            <div class=\"title-background\"><\/div>\n            <div class=\"title\">Google Hunter<\/div>\n            <div class=\"price\">1 \u20bc<span style=\"font-size: 14px;color: #71717A\">\/\u0415\u0436\u0435\u043c\u0435\u0441\u044f\u0447\u043d\u043e<\/span><\/div>\n        <\/div>\n        <div class=\"decription-wrap\">\n            <div class=\"description\">\u041d\u0430\u0447\u0430\u043b\u044c\u043d\u0430\u044f SEO-\u0443\u0441\u043b\u0443\u0433\u0430 \u0434\u043b\u044f \u043c\u0430\u043b\u043e\u0433\u043e \u0431\u0438\u0437\u043d\u0435\u0441\u0430 \u0438 \u043a\u043e\u0440\u043f\u043e\u0440\u0430\u0442\u0438\u0432\u043d\u044b\u0445 \u0441\u0430\u0439\u0442\u043e\u0432.<\/div>\n            <div class=\"detail-list\">\n                <div class=\"details-list-label\"><\/div>\n                                    <div class=\"list-item\">\u0422\u0435\u0445\u043d\u0438\u0447\u0435\u0441\u043a\u0438\u0439 SEO-\u0430\u0443\u0434\u0438\u0442 \u0441\u0430\u0439\u0442\u0430<\/div>\n                                    <div class=\"list-item\">\u0410\u043d\u0430\u043b\u0438\u0437 \u043a\u043e\u043d\u043a\u0443\u0440\u0435\u043d\u0442\u043e\u0432<\/div>\n                                    <div class=\"list-item\">\u0417\u0430\u0434\u0430\u0447\u0438 \u043f\u043e \u0442\u0435\u0445\u043d\u0438\u0447\u0435\u0441\u043a\u043e\u043c\u0443 SEO<\/div>\n                                    <div class=\"list-item\">\u0418\u0441\u043f\u0440\u0430\u0432\u043b\u0435\u043d\u0438\u0435 \u043e\u0448\u0438\u0431\u043e\u043a \u0441\u043a\u0430\u043d\u0438\u0440\u043e\u0432\u0430\u043d\u0438\u044f<\/div>\n                                    <div class=\"list-item\">\u0418\u0441\u043f\u0440\u0430\u0432\u043b\u0435\u043d\u0438\u0435 \u0431\u0438\u0442\u044b\u0445 \u0441\u0441\u044b\u043b\u043e\u043a<\/div>\n                                    <div class=\"list-item\">\u041e\u043f\u0442\u0438\u043c\u0438\u0437\u0430\u0446\u0438\u044f \u0441\u043a\u043e\u0440\u043e\u0441\u0442\u0438 \u0441\u0442\u0440\u0430\u043d\u0438\u0446\u044b<\/div>\n                                    <div class=\"list-item\">\u041f\u0440\u043e\u0432\u0435\u0440\u043a\u0430 \u043c\u043e\u0431\u0438\u043b\u044c\u043d\u043e\u0439 \u0441\u043e\u0432\u043c\u0435\u0441\u0442\u0438\u043c\u043e\u0441\u0442\u0438<\/div>\n                                    <div class=\"list-item\">\u0418\u0441\u0441\u043b\u0435\u0434\u043e\u0432\u0430\u043d\u0438\u0435 \u043a\u043b\u044e\u0447\u0435\u0432\u044b\u0445 \u0441\u043b\u043e\u0432 (\u043e\u0433\u0440\u0430\u043d\u0438\u0447\u0435\u043d\u043d\u043e\u0435)<\/div>\n                                    <div class=\"list-item\">\u0421\u0442\u0440\u0443\u043a\u0442\u0443\u0440\u0430 \u0437\u0430\u0433\u043e\u043b\u043e\u0432\u043a\u043e\u0432<\/div>\n                                    <div class=\"list-item\">\u041e\u043f\u0442\u0438\u043c\u0438\u0437\u0430\u0446\u0438\u044f \u043a\u043e\u043d\u0442\u0435\u043d\u0442\u0430<\/div>\n                                    <div class=\"list-item\">\u041f\u043e\u0432\u044b\u0448\u0435\u043d\u0438\u0435 \u0430\u0432\u0442\u043e\u0440\u0438\u0442\u0435\u0442\u0430 \u0434\u043e\u043c\u0435\u043d\u0430<\/div>\n                                    <div class=\"list-item\">SEO-\u043e\u0442\u0447\u0435\u0442 \u0437\u0430 3, 6 \u043c\u0435\u0441\u044f\u0446\u0435\u0432<\/div>\n                            <\/div>\n        <\/div>\n    <\/div>\n    <a href=\"https:\/\/wa.me\/994705995510?text=Konsultasiya%20almaq%20ist\u0259yir\u0259m\" class=\"lighter-button default\" target=\"_blank\" rel=\"noopener\">\u041f\u043e\u043b\u0443\u0447\u0438\u0442\u0435 \u0431\u0435\u0441\u043f\u043b\u0430\u0442\u043d\u0443\u044e \u043a\u043e\u043d\u0441\u0443\u043b\u044c\u0442\u0430\u0446\u0438\u044e<\/a><\/div>\t\t\t\t<\/div>\n\t\t\t\t<\/div>\n\t\t\t\t<div class=\"elementor-element elementor-element-56ae59f elementor-widget elementor-widget-lighter_price_table\" data-id=\"56ae59f\" data-element_type=\"widget\" data-e-type=\"widget\" data-widget_type=\"lighter_price_table.default\">\n\t\t\t\t<div class=\"elementor-widget-container\">\n\t\t\t\t\t<div class=\"lighter-price-table-el layout-2\"> \n        <div class=\"content-wrap\">\n        <div class=\"title-wrap\">\n            <div class=\"title-background\"><\/div>\n            <div class=\"title\">Traffic Boost<\/div>\n            <div class=\"price\">1 \u20bc<span style=\"font-size: 14px;color: #71717A\">\/\u0415\u0436\u0435\u043c\u0435\u0441\u044f\u0447\u043d\u043e<\/span><\/div>\n        <\/div>\n        <div class=\"decription-wrap\">\n            <div class=\"description\">SEO-\u0443\u0441\u043b\u0443\u0433\u0430, \u043d\u0430\u043f\u0440\u0430\u0432\u043b\u0435\u043d\u043d\u0430\u044f \u043d\u0430 \u0443\u0432\u0435\u043b\u0438\u0447\u0435\u043d\u0438\u0435 \u0442\u0440\u0430\u0444\u0438\u043a\u0430 \u0438 \u043f\u0440\u043e\u0434\u0430\u0436 \u0434\u043b\u044f \u0441\u0430\u0439\u0442\u043e\u0432 \u044d\u043b\u0435\u043a\u0442\u0440\u043e\u043d\u043d\u043e\u0439 \u043a\u043e\u043c\u043c\u0435\u0440\u0446\u0438\u0438, \u043d\u043e\u0432\u043e\u0441\u0442\u043d\u044b\u0445 \u0438 \u043e\u0431\u044a\u044f\u0432\u043b\u0435\u043d\u0438\u0439<\/div>\n            <div class=\"detail-list\">\n                <div class=\"details-list-label\"><\/div>\n                                    <div class=\"list-item\">\u0422\u0435\u0445\u043d\u0438\u0447\u0435\u0441\u043a\u0438\u0439 SEO-\u0430\u0443\u0434\u0438\u0442 \u0441\u0430\u0439\u0442\u0430<\/div>\n                                    <div class=\"list-item\">\u0410\u043d\u0430\u043b\u0438\u0437 \u043a\u043e\u043d\u043a\u0443\u0440\u0435\u043d\u0442\u043e\u0432<\/div>\n                                    <div class=\"list-item\">\u0418\u0441\u043f\u0440\u0430\u0432\u043b\u0435\u043d\u0438\u044f \u0442\u0435\u0445\u043d\u0438\u0447\u0435\u0441\u043a\u043e\u0433\u043e SEO<\/div>\n                                    <div class=\"list-item\">\u0418\u0441\u043f\u0440\u0430\u0432\u043b\u0435\u043d\u0438\u0435 \u043e\u0448\u0438\u0431\u043e\u043a \u0441\u043a\u0430\u043d\u0438\u0440\u043e\u0432\u0430\u043d\u0438\u044f<\/div>\n                                    <div class=\"list-item\">\u0418\u0441\u043f\u0440\u0430\u0432\u043b\u0435\u043d\u0438\u0435 \u0431\u0438\u0442\u044b\u0445 \u0441\u0441\u044b\u043b\u043e\u043a<\/div>\n                                    <div class=\"list-item\">\u041e\u043f\u0442\u0438\u043c\u0438\u0437\u0430\u0446\u0438\u044f \u0441\u043a\u043e\u0440\u043e\u0441\u0442\u0438 \u0441\u0442\u0440\u0430\u043d\u0438\u0446\u044b<\/div>\n                                    <div class=\"list-item\">\u041f\u0440\u043e\u0432\u0435\u0440\u043a\u0430 \u043c\u043e\u0431\u0438\u043b\u044c\u043d\u043e\u0439 \u0441\u043e\u0432\u043c\u0435\u0441\u0442\u0438\u043c\u043e\u0441\u0442\u0438<\/div>\n                                    <div class=\"list-item\">\u0418\u0441\u0441\u043b\u0435\u0434\u043e\u0432\u0430\u043d\u0438\u0435 \u043a\u043b\u044e\u0447\u0435\u0432\u044b\u0445 \u0441\u043b\u043e\u0432 (50\u201360)<\/div>\n                                    <div class=\"list-item\">\u0421\u0442\u0440\u0443\u043a\u0442\u0443\u0440\u0430 \u0437\u0430\u0433\u043e\u043b\u043e\u0432\u043a\u043e\u0432<\/div>\n                                    <div class=\"list-item\">\u041f\u043e\u0434\u0433\u043e\u0442\u043e\u0432\u043a\u0430 \u043a\u043e\u043d\u0442\u0435\u043d\u0442\u0430<\/div>\n                                    <div class=\"list-item\">\u041f\u043e\u0432\u044b\u0448\u0435\u043d\u0438\u0435 \u0430\u0432\u0442\u043e\u0440\u0438\u0442\u0435\u0442\u0430 \u0434\u043e\u043c\u0435\u043d\u0430<\/div>\n                                    <div class=\"list-item\">\u0415\u0436\u0435\u043c\u0435\u0441\u044f\u0447\u043d\u044b\u0439 SEO-\u043e\u0442\u0447\u0435\u0442<\/div>\n                            <\/div>\n        <\/div>\n    <\/div>\n    <a href=\"https:\/\/wa.me\/994705995510?text=Konsultasiya%20almaq%20ist\u0259yir\u0259m\" class=\"lighter-button default\" target=\"_blank\" rel=\"noopener\">\u041f\u043e\u043b\u0443\u0447\u0438\u0442\u0435 \u0431\u0435\u0441\u043f\u043b\u0430\u0442\u043d\u0443\u044e \u043a\u043e\u043d\u0441\u0443\u043b\u044c\u0442\u0430\u0446\u0438\u044e<\/a><\/div>\t\t\t\t<\/div>\n\t\t\t\t<\/div>\n\t\t\t\t<div class=\"elementor-element elementor-element-ca8c66c elementor-widget elementor-widget-lighter_price_table\" data-id=\"ca8c66c\" data-element_type=\"widget\" data-e-type=\"widget\" data-widget_type=\"lighter_price_table.default\">\n\t\t\t\t<div class=\"elementor-widget-container\">\n\t\t\t\t\t<div class=\"lighter-price-table-el layout-2\"> \n        <div class=\"content-wrap\">\n        <div class=\"title-wrap\">\n            <div class=\"title-background\"><\/div>\n            <div class=\"title\">Search Empire<\/div>\n            <div class=\"price\">1 \u20bc<span style=\"font-size: 14px;color: #71717A\">\/\u0415\u0436\u0435\u043c\u0435\u0441\u044f\u0447\u043d\u043e<\/span><\/div>\n        <\/div>\n        <div class=\"decription-wrap\">\n            <div class=\"description\">\u041f\u0440\u0435\u043c\u0438\u0443\u043c SEO-\u0443\u0441\u043b\u0443\u0433\u0430 \u0434\u043b\u044f \u043f\u0440\u043e\u0435\u043a\u0442\u043e\u0432 \u0438 \u0441\u0442\u0430\u0440\u0442\u0430\u043f\u043e\u0432, \u0441\u0442\u0440\u0435\u043c\u044f\u0449\u0438\u0445\u0441\u044f \u0432\u044b\u0439\u0442\u0438 \u043d\u0430 \u0433\u043b\u043e\u0431\u0430\u043b\u044c\u043d\u044b\u0439 \u0440\u044b\u043d\u043e\u043a<\/div>\n            <div class=\"detail-list\">\n                <div class=\"details-list-label\"><\/div>\n                                    <div class=\"list-item\">\u041f\u043e\u043b\u043d\u044b\u0439 SEO-\u0430\u0443\u0434\u0438\u0442 \u0438 \u0440\u0430\u0437\u0440\u0430\u0431\u043e\u0442\u043a\u0430 \u0441\u0442\u0440\u0430\u0442\u0435\u0433\u0438\u0438<\/div>\n                                    <div class=\"list-item\">\u0410\u043d\u0430\u043b\u0438\u0437 \u043a\u043e\u043d\u043a\u0443\u0440\u0435\u043d\u0442\u043e\u0432<\/div>\n                                    <div class=\"list-item\">\u0418\u0441\u043f\u0440\u0430\u0432\u043b\u0435\u043d\u0438\u044f \u0442\u0435\u0445\u043d\u0438\u0447\u0435\u0441\u043a\u043e\u0433\u043e SEO<\/div>\n                                    <div class=\"list-item\">\u0418\u0441\u043f\u0440\u0430\u0432\u043b\u0435\u043d\u0438\u0435 \u043e\u0448\u0438\u0431\u043e\u043a \u0441\u043a\u0430\u043d\u0438\u0440\u043e\u0432\u0430\u043d\u0438\u044f<\/div>\n                                    <div class=\"list-item\">\u0418\u0441\u043f\u0440\u0430\u0432\u043b\u0435\u043d\u0438\u0435 \u0431\u0438\u0442\u044b\u0445 \u0441\u0441\u044b\u043b\u043e\u043a<\/div>\n                                    <div class=\"list-item\">\u041e\u043f\u0442\u0438\u043c\u0438\u0437\u0430\u0446\u0438\u044f \u0441\u043a\u043e\u0440\u043e\u0441\u0442\u0438 \u0441\u0442\u0440\u0430\u043d\u0438\u0446\u044b<\/div>\n                                    <div class=\"list-item\">\u041f\u0440\u043e\u0432\u0435\u0440\u043a\u0430 \u043c\u043e\u0431\u0438\u043b\u044c\u043d\u043e\u0439 \u0441\u043e\u0432\u043c\u0435\u0441\u0442\u0438\u043c\u043e\u0441\u0442\u0438<\/div>\n                                    <div class=\"list-item\">\u0418\u0441\u0441\u043b\u0435\u0434\u043e\u0432\u0430\u043d\u0438\u0435 \u043a\u043b\u044e\u0447\u0435\u0432\u044b\u0445 \u0441\u043b\u043e\u0432 (\u043c\u0430\u043a\u0441\u0438\u043c\u0430\u043b\u044c\u043d\u043e\u0435)<\/div>\n                                    <div class=\"list-item\">\u0421\u0442\u0440\u0443\u043a\u0442\u0443\u0440\u0430 \u0437\u0430\u0433\u043e\u043b\u043e\u0432\u043a\u043e\u0432<\/div>\n                                    <div class=\"list-item\">\u041f\u043e\u0434\u0433\u043e\u0442\u043e\u0432\u043a\u0430 \u043a\u043e\u043d\u0442\u0435\u043d\u0442\u0430<\/div>\n                                    <div class=\"list-item\">\u041f\u043e\u0432\u044b\u0448\u0435\u043d\u0438\u0435 \u0430\u0432\u0442\u043e\u0440\u0438\u0442\u0435\u0442\u0430 \u0434\u043e\u043c\u0435\u043d\u0430<\/div>\n                                    <div class=\"list-item\">\u0415\u0436\u0435\u043c\u0435\u0441\u044f\u0447\u043d\u044b\u0439 SEO-\u043e\u0442\u0447\u0435\u0442<\/div>\n                                    <div class=\"list-item\">\u0422\u0435\u0445\u043d\u0438\u0447\u0435\u0441\u043a\u0430\u044f \u043f\u043e\u0434\u0434\u0435\u0440\u0436\u043a\u0430 \u0441\u0430\u0439\u0442\u0430<\/div>\n                            <\/div>\n        <\/div>\n    <\/div>\n    <a href=\"https:\/\/wa.me\/994705995510?text=Konsultasiya%20almaq%20ist\u0259yir\u0259m\" class=\"lighter-button default\" target=\"_blank\" rel=\"noopener\">\u041f\u043e\u043b\u0443\u0447\u0438\u0442\u0435 \u0431\u0435\u0441\u043f\u043b\u0430\u0442\u043d\u0443\u044e \u043a\u043e\u043d\u0441\u0443\u043b\u044c\u0442\u0430\u0446\u0438\u044e<\/a><\/div>\t\t\t\t<\/div>\n\t\t\t\t<\/div>\n\t\t\t\t<div class=\"elementor-element elementor-element-71ad5cf elementor-widget elementor-widget-lighter_price_table\" data-id=\"71ad5cf\" data-element_type=\"widget\" data-e-type=\"widget\" data-widget_type=\"lighter_price_table.default\">\n\t\t\t\t<div class=\"elementor-widget-container\">\n\t\t\t\t\t<div class=\"lighter-price-table-el layout-2\"> \n        <div class=\"content-wrap\">\n        <div class=\"title-wrap\">\n            <div class=\"title-background\"><\/div>\n            <div class=\"title\">Growth Partner<\/div>\n            <div class=\"price\">\u0411\u0435\u0441\u043f\u043b\u0430\u0442\u043d\u043e<span style=\"font-size: 14px;color: #71717A\"><\/span><\/div>\n        <\/div>\n        <div class=\"decription-wrap\">\n            <div class=\"description\">SEO-\u0443\u0441\u043b\u0443\u0433\u0438 \u043f\u0440\u0435\u0434\u043e\u0441\u0442\u0430\u0432\u043b\u044f\u044e\u0442\u0441\u044f \u043d\u0430 \u043e\u0441\u043d\u043e\u0432\u0435 \u0441\u043e\u0442\u0440\u0443\u0434\u043d\u0438\u0447\u0435\u0441\u0442\u0432\u0430 \u0434\u043b\u044f \u0438\u043d\u0442\u0435\u0440\u0435\u0441\u043d\u044b\u0445 \u0438 \u043f\u0435\u0440\u0441\u043f\u0435\u043a\u0442\u0438\u0432\u043d\u044b\u0445 \u043f\u0440\u043e\u0435\u043a\u0442\u043e\u0432. \u0412\u043c\u0435\u0441\u0442\u043e \u043e\u043f\u043b\u0430\u0442\u044b \u043f\u0440\u0438\u043c\u0435\u043d\u044f\u0435\u0442\u0441\u044f \u043c\u043e\u0434\u0435\u043b\u044c \u0434\u043e\u043b\u0438 (\u043f\u0440\u043e\u0446\u0435\u043d\u0442\u0430) \u043e\u0442 \u043f\u0440\u043e\u0435\u043a\u0442\u0430.<\/div>\n            <div class=\"detail-list\">\n                <div class=\"details-list-label\"><\/div>\n                            <\/div>\n        <\/div>\n    <\/div>\n    <a href=\"https:\/\/https:\/\/wa.me\/994705995510?text=Konsultasiya%20almaq%20ist\u0259yir\u0259m\" class=\"lighter-button default\">Pulsuz konsultasiya al<\/a><\/div>\t\t\t\t<\/div>\n\t\t\t\t<\/div>\n\t\t\t\t<\/div>\n\t\t\t\t<\/div>\n\t\t\t\t<div class=\"elementor-element elementor-element-1c42beb4 elementor-widget elementor-widget-lighter_divider\" data-id=\"1c42beb4\" data-element_type=\"widget\" data-e-type=\"widget\" data-widget_type=\"lighter_divider.default\">\n\t\t\t\t<div class=\"elementor-widget-container\">\n\t\t\t\t\t<div class=\"lighter-divider-el \">\r\n    <span class=\"lighter-divider-separator\"><\/span>\r\n<\/div>\t\t\t\t<\/div>\n\t\t\t\t<\/div>\n\t\t<div class=\"elementor-element elementor-element-4e4e7e6b e-con-full e-flex e-con e-child\" data-id=\"4e4e7e6b\" data-element_type=\"container\" data-e-type=\"container\" data-settings=\"{&quot;background_background&quot;:&quot;classic&quot;}\">\n\t\t\t\t\t\t<div class=\"elementor-element elementor-element-54158f8 elementor-widget__width-initial elementor-absolute elementor-widget elementor-widget-spacer\" data-id=\"54158f8\" data-element_type=\"widget\" data-e-type=\"widget\" data-settings=\"{&quot;_position&quot;:&quot;absolute&quot;}\" data-widget_type=\"spacer.default\">\n\t\t\t\t\t\t\t<div class=\"elementor-spacer\">\n\t\t\t<div class=\"elementor-spacer-inner\"><\/div>\n\t\t<\/div>\n\t\t\t\t\t\t<\/div>\n\t\t\t\t<div class=\"elementor-element elementor-element-58e879ef elementor-widget__width-initial elementor-absolute elementor-widget elementor-widget-spacer\" data-id=\"58e879ef\" data-element_type=\"widget\" data-e-type=\"widget\" data-settings=\"{&quot;_position&quot;:&quot;absolute&quot;}\" data-widget_type=\"spacer.default\">\n\t\t\t\t\t\t\t<div class=\"elementor-spacer\">\n\t\t\t<div class=\"elementor-spacer-inner\"><\/div>\n\t\t<\/div>\n\t\t\t\t\t\t<\/div>\n\t\t\t\t<div class=\"elementor-element elementor-element-3fc952bd elementor-widget__width-initial elementor-absolute elementor-widget elementor-widget-spacer\" data-id=\"3fc952bd\" data-element_type=\"widget\" data-e-type=\"widget\" data-settings=\"{&quot;_position&quot;:&quot;absolute&quot;}\" data-widget_type=\"spacer.default\">\n\t\t\t\t\t\t\t<div class=\"elementor-spacer\">\n\t\t\t<div class=\"elementor-spacer-inner\"><\/div>\n\t\t<\/div>\n\t\t\t\t\t\t<\/div>\n\t\t\t\t<div class=\"elementor-element elementor-element-6343cb58 elementor-widget__width-initial elementor-absolute elementor-widget elementor-widget-spacer\" data-id=\"6343cb58\" data-element_type=\"widget\" data-e-type=\"widget\" data-settings=\"{&quot;_position&quot;:&quot;absolute&quot;}\" data-widget_type=\"spacer.default\">\n\t\t\t\t\t\t\t<div class=\"elementor-spacer\">\n\t\t\t<div class=\"elementor-spacer-inner\"><\/div>\n\t\t<\/div>\n\t\t\t\t\t\t<\/div>\n\t\t\t\t<\/div>\n\t\t\t\t<div class=\"elementor-element elementor-element-3a88fd8c elementor-widget elementor-widget-lighter_divider\" data-id=\"3a88fd8c\" data-element_type=\"widget\" data-e-type=\"widget\" data-widget_type=\"lighter_divider.default\">\n\t\t\t\t<div class=\"elementor-widget-container\">\n\t\t\t\t\t<div class=\"lighter-divider-el \">\r\n    <span class=\"lighter-divider-separator\"><\/span>\r\n<\/div>\t\t\t\t<\/div>\n\t\t\t\t<\/div>\n\t\t\t\t\t<\/div>\n\t\t\t\t<\/div>\n\t\t\t\t<\/div>\n\t\t","protected":false},"excerpt":{"rendered":"<p>SEO qiym\u0259tl\u0259ri Biznesiniz \u00fc\u00e7\u00fcn uy\u011fun SEO paketl\u0259ri Google Hunter 1 \u20bc\/Ayl\u0131q Ki\u00e7ik biznes v\u0259 korporativ saytlar \u00fc\u00e7\u00fcn ba\u015flan\u011f\u0131c SEO xidm\u0259ti. Sayt\u0131n texniki SEO auditi R\u0259qib analizi Texniki SEO \u00fc\u00e7\u00fcn tap\u015f\u0131r\u0131qlar Crawl errorlar\u0131n d\u00fcz\u0259ldilm\u0259si Broken linkl\u0259rin d\u00fcz\u0259ldilm\u0259si Page speed optimizasiyas\u0131 Mobil uy\u011funlu\u011fun yoxlan\u0131lmas\u0131 A\u00e7ar s\u00f6z ara\u015fd\u0131rmas\u0131 (limitli) Heading strukturu Kontent optimizasiyas\u0131 Domain authority art\u0131r\u0131lmas\u0131 3, 6 [&hellip;]<\/p>\n","protected":false},"author":1,"featured_media":0,"parent":0,"menu_order":0,"comment_status":"closed","ping_status":"closed","template":"","meta":{"footnotes":""},"class_list":["post-725","page","type-page","status-publish","hentry"],"_links":{"self":[{"href":"https:\/\/khalilsoy.com\/ru\/wp-json\/wp\/v2\/pages\/725","targetHints":{"allow":["GET"]}}],"collection":[{"href":"https:\/\/khalilsoy.com\/ru\/wp-json\/wp\/v2\/pages"}],"about":[{"href":"https:\/\/khalilsoy.com\/ru\/wp-json\/wp\/v2\/types\/page"}],"author":[{"embeddable":true,"href":"https:\/\/khalilsoy.com\/ru\/wp-json\/wp\/v2\/users\/1"}],"replies":[{"embeddable":true,"href":"https:\/\/khalilsoy.com\/ru\/wp-json\/wp\/v2\/comments?post=725"}],"version-history":[{"count":17,"href":"https:\/\/khalilsoy.com\/ru\/wp-json\/wp\/v2\/pages\/725\/revisions"}],"predecessor-version":[{"id":5815,"href":"https:\/\/khalilsoy.com\/ru\/wp-json\/wp\/v2\/pages\/725\/revisions\/5815"}],"wp:attachment":[{"href":"https:\/\/khalilsoy.com\/ru\/wp-json\/wp\/v2\/media?parent=725"}],"curies":[{"name":"wp","href":"https:\/\/api.w.org\/{rel}","templated":true}]}}